{"id":2339,"date":"2017-12-04T15:00:42","date_gmt":"2017-12-04T14:00:42","guid":{"rendered":"http:\/\/blog.amantis.net\/?page_id=2339"},"modified":"2019-11-12T13:59:02","modified_gmt":"2019-11-12T12:59:02","slug":"quieres-recibir-nuestra-newsletter","status":"publish","type":"page","link":"https:\/\/www.amantis.net\/blog\/quieres-recibir-nuestra-newsletter\/","title":{"rendered":"\u00bfQuieres recibir nuestra newsletter?"},"content":{"rendered":"<p>En nuestras <strong>tiendas amantis de Barcelona y Madrid<\/strong> realizamos casi cada semana talleres, charlas y actividades festivas alrededor del mundo de la sexualidad, el erotismo, el cuerpo, el g\u00e9nero, el deseo&#8230; E informamos a nuestrxs interesadxs puntualmente de estos actos.<\/p>\n<p>Si quieres recibir esta <em>newsletter<\/em>, inform\u00e1ndote de las actividades que te queden m\u00e1s cerca, por favor, rellena el siguiente formulario y ser\u00e1s puntualmente informadx:<\/p>\n\n\n<div class=\"wpcf7 no-js\" id=\"wpcf7-f5667-o1\" lang=\"es-ES\" dir=\"ltr\" data-wpcf7-id=\"5667\">\n<div class=\"screen-reader-response\"><p role=\"status\" aria-live=\"polite\" aria-atomic=\"true\"><\/p> <ul><\/ul><\/div>\n<form action=\"\/blog\/wp-json\/wp\/v2\/pages\/2339#wpcf7-f5667-o1\" method=\"post\" class=\"wpcf7-form init\" aria-label=\"Formulario de contacto\" novalidate=\"novalidate\" data-status=\"init\">\n<div style=\"display: none;\">\n<input type=\"hidden\" name=\"_wpcf7\" value=\"5667\" \/>\n<input type=\"hidden\" name=\"_wpcf7_version\" value=\"6.0.6\" \/>\n<input type=\"hidden\" name=\"_wpcf7_locale\" value=\"es_ES\" \/>\n<input type=\"hidden\" name=\"_wpcf7_unit_tag\" value=\"wpcf7-f5667-o1\" \/>\n<input type=\"hidden\" name=\"_wpcf7_container_post\" value=\"0\" \/>\n<input type=\"hidden\" name=\"_wpcf7_posted_data_hash\" value=\"\" \/>\n<\/div>\n<p><label> Nombre<br \/>\n<span class=\"wpcf7-form-control-wrap\" data-name=\"nombre\"><input size=\"40\" maxlength=\"400\" class=\"wpcf7-form-control wpcf7-text\" aria-invalid=\"false\" value=\"\" type=\"text\" name=\"nombre\" \/><\/span> <\/label>\n<\/p>\n<p><label> Correo electr\u00f3nico (*)<br \/>\n<span class=\"wpcf7-form-control-wrap\" data-name=\"email\"><input size=\"40\" maxlength=\"400\" class=\"wpcf7-form-control wpcf7-email wpcf7-validates-as-required wpcf7-text wpcf7-validates-as-email\" aria-required=\"true\" aria-invalid=\"false\" value=\"\" type=\"email\" name=\"email\" \/><\/span> <\/label>\n<\/p>\n<p><label> Localidad (*)<br \/>\n<span class=\"wpcf7-form-control-wrap\" data-name=\"localidad\"><select class=\"wpcf7-form-control wpcf7-select wpcf7-validates-as-required\" aria-required=\"true\" aria-invalid=\"false\" name=\"localidad\"><option value=\"\">&#8212;Por favor, elige una opci\u00f3n&#8212;<\/option><option value=\"Barcelona\">Barcelona<\/option><option value=\"Madrid\">Madrid<\/option><option value=\"Las Rozas\">Las Rozas<\/option><option value=\"Valencia\">Valencia<\/option><\/select><\/span> <\/label>\n<\/p>\n<p><label> \u00bfTe interesa alg\u00fan tema relacionado con la sexualidad en particular?<br \/>\n<span class=\"wpcf7-form-control-wrap\" data-name=\"intereses\"><textarea cols=\"40\" rows=\"10\" maxlength=\"2000\" class=\"wpcf7-form-control wpcf7-textarea\" aria-invalid=\"false\" name=\"intereses\"><\/textarea><\/span> <\/label>\n<\/p>\n<p><span style=\"font-size:12px;\">Cuando te suscribes a nuestra newsletter aceptas que <a href=\"https:\/\/www.amantis.net\">amantis.net<\/a> te la env\u00ede peri\u00f3dicamente al mail que has proporcionado. En caso de que quieras dejar de recibir nuestra newsletter puedes pinchar el enlace \u201cclic aqu\u00ed\u201d en la parte baja del final de la newsletter. Tus datos se borrar\u00e1n autom\u00e1ticamente de nuestra base de datos.<\/span>\n<\/p>\n<p><span style=\"font-size:12px;\">VISUAL MERCHANDISER, S.L. es el responsable del tratamiento de tus datos personales, que ser\u00e1n tratados con la finalidad de enviarte comunicaciones comerciales sobre nuestras actividades, talleres, eventos, novedades y promociones.<\/span><br \/>\n<span style=\"font-size:12px;\">Puedes ejercer tus derechos de protecci\u00f3n de datos, en el domicilio social de VISUAL MERCHANDISER, S.L. o solicitarlo mediante correo electr\u00f3nico a ventas@amantis.net. M\u00e1s informaci\u00f3n sobre el tratamiento de tus datos en nuestra <a href=\"https:\/\/www.amantis.net\/politica-de-privacidad\/\" target=\"_blank\">Pol\u00edtica de privacidad<\/a>.<\/span>\n<\/p>\n<p><span style=\"font-size:14px;\"><span class=\"wpcf7-form-control-wrap\" data-name=\"politica-privacidad\"><span class=\"wpcf7-form-control wpcf7-checkbox wpcf7-validates-as-required\"><span class=\"wpcf7-list-item first last\"><input type=\"checkbox\" name=\"politica-privacidad[]\" value=\"Acepto la Pol\u00edtica de privacidad de Amantis\" \/><span class=\"wpcf7-list-item-label\">Acepto la Pol\u00edtica de privacidad de Amantis<\/span><\/span><\/span><\/span><\/span>\n<\/p>\n<p><input class=\"wpcf7-form-control wpcf7-submit has-spinner\" type=\"submit\" value=\"\u00a1Me apunto!\" \/>\n<\/p><p style=\"display: none !important;\" class=\"akismet-fields-container\" data-prefix=\"_wpcf7_ak_\"><label>&#916;<textarea name=\"_wpcf7_ak_hp_textarea\" cols=\"45\" rows=\"8\" maxlength=\"100\"><\/textarea><\/label><input type=\"hidden\" id=\"ak_js_1\" name=\"_wpcf7_ak_js\" value=\"134\"\/><script>document.getElementById( \"ak_js_1\" ).setAttribute( \"value\", ( new Date() ).getTime() );<\/script><\/p><div class=\"wpcf7-response-output\" aria-hidden=\"true\"><\/div>\n<\/form>\n<\/div>\n\n","protected":false},"excerpt":{"rendered":"<p>En nuestras tiendas amantis de Barcelona y Madrid realizamos casi cada semana talleres, charlas y actividades festivas alrededor del mundo de la sexualidad, el erotismo, el cuerpo, el g\u00e9nero, el deseo&#8230; E informamos a nuestrxs interesadxs puntualmente de estos actos&#8230;. <a class=\"more-link\" href=\"https:\/\/www.amantis.net\/blog\/quieres-recibir-nuestra-newsletter\/\">Seguir leyendo &rarr;<\/a><\/p>\n","protected":false},"author":3,"featured_media":0,"parent":0,"menu_order":0,"comment_status":"closed","ping_status":"closed","template":"","meta":{"footnotes":""},"class_list":["post-2339","page","type-page","status-publish","hentry"],"aioseo_notices":[],"_links":{"self":[{"href":"https:\/\/www.amantis.net\/blog\/wp-json\/wp\/v2\/pages\/2339","targetHints":{"allow":["GET"]}}],"collection":[{"href":"https:\/\/www.amantis.net\/blog\/wp-json\/wp\/v2\/pages"}],"about":[{"href":"https:\/\/www.amantis.net\/blog\/wp-json\/wp\/v2\/types\/page"}],"author":[{"embeddable":true,"href":"https:\/\/www.amantis.net\/blog\/wp-json\/wp\/v2\/users\/3"}],"replies":[{"embeddable":true,"href":"https:\/\/www.amantis.net\/blog\/wp-json\/wp\/v2\/comments?post=2339"}],"version-history":[{"count":0,"href":"https:\/\/www.amantis.net\/blog\/wp-json\/wp\/v2\/pages\/2339\/revisions"}],"wp:attachment":[{"href":"https:\/\/www.amantis.net\/blog\/wp-json\/wp\/v2\/media?parent=2339"}],"curies":[{"name":"wp","href":"https:\/\/api.w.org\/{rel}","templated":true}]}}